{"id":10552,"date":"2024-06-27T07:10:01","date_gmt":"2024-06-27T05:10:01","guid":{"rendered":"https:\/\/emcon.dk.185-31-79-130.nmsrv02.dk\/?page_id=10552"},"modified":"2025-04-23T10:55:20","modified_gmt":"2025-04-23T08:55:20","slug":"radgivning","status":"publish","type":"page","link":"https:\/\/emcon.dk\/en\/radgivning\/","title":{"rendered":"R\u00c5DGIVNING"},"content":{"rendered":"\t\t<div data-elementor-type=\"wp-page\" data-elementor-id=\"10552\" class=\"elementor elementor-10552\" data-elementor-post-type=\"page\">\n\t\t\t\t<div class=\"has_eae_slider has_ae_slider elementor-element elementor-element-353b2b4d e-con-full e-flex ae-bg-gallery-type-default e-con e-parent\" data-eae-slider=\"87996\" data-id=\"353b2b4d\" data-element_type=\"container\" data-e-type=\"container\" data-settings=\"{&quot;background_background&quot;:&quot;classic&quot;}\">\n\t\t\t\t<div class=\"elementor-element elementor-element-70e1f47 elementor-widget elementor-widget-heading\" data-id=\"70e1f47\" data-element_type=\"widget\" data-e-type=\"widget\" data-widget_type=\"heading.default\">\n\t\t\t\t<div class=\"elementor-widget-container\">\n\t\t\t\t\t<h2 class=\"elementor-heading-title elementor-size-default\">R\u00c5DGIVNING<\/h2>\t\t\t\t<\/div>\n\t\t\t\t<\/div>\n\t\t\t\t<\/div>\n\t\t<div class=\"has_eae_slider has_ae_slider elementor-element elementor-element-d681210 e-con-full e-flex ae-bg-gallery-type-default e-con e-parent\" data-eae-slider=\"4838\" data-id=\"d681210\" data-element_type=\"container\" data-e-type=\"container\" id=\"aftale\">\n\t\t\t\t<div class=\"elementor-element elementor-element-134c644 elementor-widget elementor-widget-heading\" data-id=\"134c644\" data-element_type=\"widget\" data-e-type=\"widget\" data-widget_type=\"heading.default\">\n\t\t\t\t<div class=\"elementor-widget-container\">\n\t\t\t\t\t<h2 class=\"elementor-heading-title elementor-size-default\">Aftaleforberedelse &amp; analyser<\/h2>\t\t\t\t<\/div>\n\t\t\t\t<\/div>\n\t\t\t\t<div class=\"elementor-element elementor-element-abc7607 elementor-widget elementor-widget-text-editor\" data-id=\"abc7607\" data-element_type=\"widget\" data-e-type=\"widget\" data-widget_type=\"text-editor.default\">\n\t\t\t\t<div class=\"elementor-widget-container\">\n\t\t\t\t\t\t\t\t\t<p>I samarbejde med projektets \u00f8vrige akt\u00f8rer planl\u00e6gger vi projektet fra start til slut. I de indledende faser kan vores ydelser v\u00e6re behovsanalyser og brugerinvolvering, b\u00e6redygtighedsstrategi, myndighedsafklaring og proces, projektudvikling- og modning, udbudsstrategi herunder forslag til udbuds- og entrepriseform. Vi gennemf\u00f8rer konkurrenceuds\u00e6ttelse, hvad enten det er underh\u00e5ndsbud, efter tilbudsloven eller udbudsloven, efterf\u00f8lgende kontraktforhandlinger og indg\u00e5else af aftaler.<\/p><p>En s\u00e6rlig disciplin i forbindelse med k\u00f8b og salg er teknisk due diligence. En teknisk due diligence giver et billede af de risici , der kan v\u00e6re ved en potentiel investering. Vi skitserer forventede fremtidige udgifter, n\u00f8dvendig vedligehold og potentielle opgraderinger, s\u00e5 investor eller s\u00e6lger f\u00e5r et s\u00e5 fyldestg\u00f8rende overblik som muligt over ejendommens \u00f8konomiske profil. Dette giver en st\u00e6rk position, n\u00e5r det kommer til forhandlinger, og sikrer at investor eller s\u00e6lger er fuldt forberedt til at opn\u00e5 den mest fordelagtige aftale.\u00a0Omfang af den tekniske due diligence og behov for samarbejde med investor eller s\u00e6lgers \u00f8vrige r\u00e5dgivere tilpasses det konkrete projekt.\u00a0<\/p>\t\t\t\t\t\t\t\t<\/div>\n\t\t\t\t<\/div>\n\t\t\t\t<\/div>\n\t\t<div class=\"has_eae_slider has_ae_slider elementor-element elementor-element-3b4c67b e-con-full e-flex ae-bg-gallery-type-default e-con e-parent\" data-eae-slider=\"44124\" data-id=\"3b4c67b\" data-element_type=\"container\" data-e-type=\"container\" data-settings=\"{&quot;background_background&quot;:&quot;classic&quot;}\">\n\t\t\t\t<div class=\"elementor-element elementor-element-5ad058a elementor-widget elementor-widget-heading\" data-id=\"5ad058a\" data-element_type=\"widget\" data-e-type=\"widget\" data-widget_type=\"heading.default\">\n\t\t\t\t<div class=\"elementor-widget-container\">\n\t\t\t\t\t<h2 class=\"elementor-heading-title elementor-size-default\">Proces- &amp; Projektledelse<\/h2>\t\t\t\t<\/div>\n\t\t\t\t<\/div>\n\t\t\t\t<\/div>\n\t\t<div class=\"has_eae_slider has_ae_slider elementor-element elementor-element-4e0153c e-con-full e-flex ae-bg-gallery-type-default e-con e-parent\" data-eae-slider=\"20087\" data-id=\"4e0153c\" data-element_type=\"container\" data-e-type=\"container\" id=\"proces\" data-settings=\"{&quot;background_background&quot;:&quot;classic&quot;}\">\n\t\t\t\t<div class=\"elementor-element elementor-element-4845e9b elementor-widget__width-initial elementor-widget-tablet__width-initial elementor-widget elementor-widget-text-editor\" data-id=\"4845e9b\" data-element_type=\"widget\" data-e-type=\"widget\" data-widget_type=\"text-editor.default\">\n\t\t\t\t<div class=\"elementor-widget-container\">\n\t\t\t\t\t\t\t\t\t<p>Uanset projektets st\u00f8rrelse er der behov for overblik over de kommende faser, hvilke udfordringer der skal tages h\u00f8jde for, og hvordan de l\u00f8ses bedst muligt. Vi arbejder med projektets organisering herunder roller og ansvar. Vi assisterer bygherre med proces- og\/eller projektledelse med fokus p\u00e5 v\u00e6rdien af relationer og samarbejde. \u00a0<\/p><p>Vi medvirker til rammes\u00e6tning og skaber en \u00e5ben dialog, hvor vi tager rollen som neutrale og erfarne tillidspersoner, som st\u00f8tter at vi kommer rundt om det hele \u2013 ogs\u00e5 de udfordringer\/dilemmaer som knytter sig til gennemf\u00f8relse af projekter. \u202f\u00a0<\/p><p>Vi har internt i emcon et l\u00f8bende fokus p\u00e5 l\u00e6ring og udvikling. Vi har bl.a. arbejdet med en filosofisk tilgang til vores bygherrer\u00e5dgivning og vigtigheden af balancen mellem resultat og relation. Med egen og andres l\u00e6ring og udvikling i fokus viser vi nysgerrigheden, modet og \u00e5benheden, som er afg\u00f8rende for at kunne h\u00e5ndtere de hurtige forandringer i omverden.<\/p><p>Af konkrete ydelser kan n\u00e6vnes:<\/p><p>&#8211; Opstartsforl\u00f8b: Projektgennemgang, Samarbejdsworkshops,<\/p><p>&#8211; Planl\u00e6gning og implementering af commissioning, Cx<\/p><p>&#8211; Styring af kvalitet, tid, \u00f8konomi og ressourcer samt risiko<\/p><p>&#8211; Projektadministration, herunder sikring af IKT, Milj\u00f8, og Arbejdsmilj\u00f8 samt kommunikation<\/p><p>&#8211; Opf\u00f8lgning p\u00e5 dataindsamling om b\u00e6redygtighed, ESG-vurdering og certificering<\/p><p>&#8211; Projektmonitorering, Bygherretilsyn, Bygherrerepr\u00e6sentant<\/p><p>&#8211; Aflevering, idrifts\u00e6ttelse<\/p><p>&#8211; Indflytnings- og fraflytningsrapportering<\/p>\t\t\t\t\t\t\t\t<\/div>\n\t\t\t\t<\/div>\n\t\t\t\t<div class=\"elementor-element elementor-element-1ba0324 elementor-widget__width-initial elementor-widget-tablet__width-initial elementor-widget elementor-widget-image\" data-id=\"1ba0324\" data-element_type=\"widget\" data-e-type=\"widget\" data-widget_type=\"image.default\">\n\t\t\t\t<div class=\"elementor-widget-container\">\n\t\t\t\t\t\t\t\t\t\t\t\t\t\t\t<img fetchpriority=\"high\" decoding=\"async\" width=\"682\" height=\"1024\" src=\"https:\/\/emcon.dk\/wp-content\/uploads\/2024\/11\/EMCON_9270-682x1024.jpg\" class=\"attachment-large size-large wp-image-12522\" alt=\"\" srcset=\"https:\/\/emcon.dk\/wp-content\/uploads\/2024\/11\/EMCON_9270-682x1024.jpg 682w, https:\/\/emcon.dk\/wp-content\/uploads\/2024\/11\/EMCON_9270-200x300.jpg 200w, https:\/\/emcon.dk\/wp-content\/uploads\/2024\/11\/EMCON_9270-768x1152.jpg 768w, https:\/\/emcon.dk\/wp-content\/uploads\/2024\/11\/EMCON_9270-1024x1536.jpg 1024w, https:\/\/emcon.dk\/wp-content\/uploads\/2024\/11\/EMCON_9270.jpg 1181w\" sizes=\"(max-width: 682px) 100vw, 682px\" \/>\t\t\t\t\t\t\t\t\t\t\t\t\t\t\t<\/div>\n\t\t\t\t<\/div>\n\t\t\t\t<\/div>\n\t\t<div class=\"has_eae_slider has_ae_slider elementor-element elementor-element-e08a916 e-con-full e-flex ae-bg-gallery-type-default e-con e-parent\" data-eae-slider=\"29222\" data-id=\"e08a916\" data-element_type=\"container\" data-e-type=\"container\">\n\t\t\t\t<div class=\"elementor-element elementor-element-ec98fbb elementor-widget elementor-widget-heading\" data-id=\"ec98fbb\" data-element_type=\"widget\" data-e-type=\"widget\" id=\"Konflikt\" data-widget_type=\"heading.default\">\n\t\t\t\t<div class=\"elementor-widget-container\">\n\t\t\t\t\t<h2 class=\"elementor-heading-title elementor-size-default\">Konflikth\u00e5ndtering<div>&amp; m\u00e6gling<\/div><\/h2>\t\t\t\t<\/div>\n\t\t\t\t<\/div>\n\t\t\t\t<\/div>\n\t\t<div class=\"has_eae_slider has_ae_slider elementor-element elementor-element-ea55fe8 e-con-full e-flex ae-bg-gallery-type-default e-con e-parent\" data-eae-slider=\"88789\" data-id=\"ea55fe8\" data-element_type=\"container\" data-e-type=\"container\">\n\t\t\t\t<div class=\"elementor-element elementor-element-aee9ddb elementor-widget elementor-widget-text-editor\" data-id=\"aee9ddb\" data-element_type=\"widget\" data-e-type=\"widget\" data-widget_type=\"text-editor.default\">\n\t\t\t\t<div class=\"elementor-widget-container\">\n\t\t\t\t\t\t\t\t\t<p>N\u00e5r vi samarbejder med andre, er det naturligt for os at have tillid og forventninger til, at vores samarbejdspartnere \u00f8nsker det bedste for os. Men selv de bedste intentioner kan blive udfordret af stramme tidsplaner, budgetbegr\u00e6nsninger og forskellige synspunkter, der kan f\u00f8re til uenigheder. Hvis disse uenigheder ikke tackles i opl\u00f8bet eller ikke l\u00f8ses med et f\u00e6lles fokus p\u00e5 samarbejde og projektets fremgang, kan de, over tid, udvikle sig til konflikter. Vi tror p\u00e5 at h\u00e5ndtere uenigheder i f\u00e6llesskab og finde f\u00e6lles fodslag for at sikre et positivt samarbejde og fremdrift i projektet.\u00a0<\/p><p>\u00a0IDENTIFIKATION &amp; BEARBEJDNING\u00a0<br \/>Konflikter kan opst\u00e5 p\u00e5 forskellige tidspunkter i en proces, ofte n\u00e5r parter f\u00f8ler, at indg\u00e5ede aftaler ikke overholdes, eller der ikke er en klar forventningsafstemning.\u202fVores tilgang best\u00e5r i at identificere og bearbejde de forskellige synspunkter og uenigheder, s\u00e5 alle parter kan arbejde mod projektets bedste efter en ny f\u00e6lles plan.\u00a0<\/p><p>FOKUS P\u00c5 TILLID &amp; F\u00c6LLES ANSVAR\u00a0<br \/>Vores konflikth\u00e5ndtering har tillid som fundament. Vi involverer alle parter og tildeler dem et f\u00e6lles ansvar for projektet og dets fremtidige succes og gerne inden uenighederne opst\u00e5r. Med udgangspunkt i juridisk, organisatorisk og teknisk indsigt samt vores omfattende erfaring som sk\u00f8nsm\u00e6nd, mediatorer og faglige voldgiftsdommere, pr\u00e6senterer vi l\u00f8sningsforslag og m\u00e6gler frem til, at alle igen arbejder sammen mod et f\u00e6lles m\u00e5l.\u00a0<\/p><p>TILLID GENNEM DIALOG &amp; OBJEKTIV VURDERING\u00a0<br \/>N\u00e5r uforudsete situationer eller uklare aftaler udl\u00f8ser konflikter, tr\u00e6der vi ind som en uafh\u00e6ngig tredjepart. Vi skaber et overblik, gennemg\u00e5r indg\u00e5ede aftaler og vurderer behovet for eventuelle supplerende aftaler. Gennem en tillidsfuld dialog inddrager vi alle parter og foretager en saglig og objektiv vurdering af det tekniske og faglige konfliktindhold samt historikken mellem parterne.\u00a0<\/p><p>KONFLIKTER KAN G\u00d8RE OS BEDRE\u00a0<br \/>Vores filosofiske tilgang ser konflikter som muligheder for at udl\u00f8se potentialet for l\u00e6ring, styrkelse af relationer og forbedring af. Refleksion er central, og en dybere forst\u00e5else af konfliktens \u00e5rsager er essentiel. \u00a0Vi tror p\u00e5 en konstruktiv h\u00e5ndtering af konflikter ved at skabe et trygt rum af forst\u00e5else og respekt for forskelligheder. Vi fors\u00f8ger at identificere f\u00e6lles grund og styrke relationerne i samarbejdet. Beslutninger tr\u00e6ffes ud fra etiske overvejelser, der sigter mod at bevare integritet og \u00a0skabe\u00a0 et grundlag for b\u00e6redygtige relationer inden for b\u00e5de vores egen og vores kunders organisation.\u202f\u00a0<\/p>\t\t\t\t\t\t\t\t<\/div>\n\t\t\t\t<\/div>\n\t\t\t\t<\/div>\n\t\t<div class=\"has_eae_slider has_ae_slider elementor-element elementor-element-86dcb85 e-flex e-con-boxed ae-bg-gallery-type-default e-con e-parent\" data-eae-slider=\"82309\" data-id=\"86dcb85\" data-element_type=\"container\" data-e-type=\"container\">\n\t\t\t\t\t<div class=\"e-con-inner\">\n\t\t\t\t<div class=\"elementor-element elementor-element-8246977 elementor-align-center elementor-widget elementor-widget-button\" data-id=\"8246977\" data-element_type=\"widget\" data-e-type=\"widget\" data-widget_type=\"button.default\">\n\t\t\t\t<div class=\"elementor-widget-container\">\n\t\t\t\t\t\t\t\t\t<div class=\"elementor-button-wrapper\">\n\t\t\t\t\t<a class=\"elementor-button elementor-button-link elementor-size-sm\" href=\"https:\/\/emcon.dk\/en\/vieremcon\/\">\n\t\t\t\t\t\t<span class=\"elementor-button-content-wrapper\">\n\t\t\t\t\t\t\t\t\t<span class=\"elementor-button-text\">VI ER EMCON<\/span>\n\t\t\t\t\t<\/span>\n\t\t\t\t\t<\/a>\n\t\t\t\t<\/div>\n\t\t\t\t\t\t\t\t<\/div>\n\t\t\t\t<\/div>\n\t\t\t\t\t<\/div>\n\t\t\t\t<\/div>\n\t\t\t\t<\/div>\n\t\t","protected":false},"excerpt":{"rendered":"<p>R\u00c5DGIVNING Aftaleforberedelse &#038; analyser I samarbejde med projektets \u00f8vrige akt\u00f8rer planl\u00e6gger vi projektet fra start til slut. I de indledende faser kan vores ydelser v\u00e6re behovsanalyser og brugerinvolvering, b\u00e6redygtighedsstrategi, myndighedsafklaring og proces, projektudvikling- og modning, udbudsstrategi herunder forslag til udbuds- og entrepriseform. Vi gennemf\u00f8rer konkurrenceuds\u00e6ttelse, hvad enten det er underh\u00e5ndsbud, efter tilbudsloven eller udbudsloven, efterf\u00f8lgende [&hellip;]<\/p>\n","protected":false},"author":33,"featured_media":0,"parent":0,"menu_order":0,"comment_status":"closed","ping_status":"closed","template":"elementor_header_footer","meta":{"_acf_changed":false,"footnotes":""},"class_list":["post-10552","page","type-page","status-publish","hentry"],"acf":[],"_links":{"self":[{"href":"https:\/\/emcon.dk\/en\/wp-json\/wp\/v2\/pages\/10552","targetHints":{"allow":["GET"]}}],"collection":[{"href":"https:\/\/emcon.dk\/en\/wp-json\/wp\/v2\/pages"}],"about":[{"href":"https:\/\/emcon.dk\/en\/wp-json\/wp\/v2\/types\/page"}],"author":[{"embeddable":true,"href":"https:\/\/emcon.dk\/en\/wp-json\/wp\/v2\/users\/33"}],"replies":[{"embeddable":true,"href":"https:\/\/emcon.dk\/en\/wp-json\/wp\/v2\/comments?post=10552"}],"version-history":[{"count":193,"href":"https:\/\/emcon.dk\/en\/wp-json\/wp\/v2\/pages\/10552\/revisions"}],"predecessor-version":[{"id":13325,"href":"https:\/\/emcon.dk\/en\/wp-json\/wp\/v2\/pages\/10552\/revisions\/13325"}],"wp:attachment":[{"href":"https:\/\/emcon.dk\/en\/wp-json\/wp\/v2\/media?parent=10552"}],"curies":[{"name":"wp","href":"https:\/\/api.w.org\/{rel}","templated":true}]}}