{"id":10596,"date":"2024-06-29T14:27:23","date_gmt":"2024-06-29T12:27:23","guid":{"rendered":"https:\/\/emcon.dk.185-31-79-130.nmsrv02.dk\/?page_id=10596"},"modified":"2026-03-25T17:04:22","modified_gmt":"2026-03-25T16:04:22","slug":"vieremcon","status":"publish","type":"page","link":"https:\/\/emcon.dk\/en\/vieremcon\/","title":{"rendered":"VI ER EMCON"},"content":{"rendered":"\t\t<div data-elementor-type=\"wp-page\" data-elementor-id=\"10596\" class=\"elementor elementor-10596\" data-elementor-post-type=\"page\">\n\t\t\t\t<div class=\"has_eae_slider has_ae_slider elementor-element elementor-element-4d0f2f0 e-con-full e-flex ae-bg-gallery-type-default e-con e-parent\" data-eae-slider=\"66290\" data-id=\"4d0f2f0\" data-element_type=\"container\" data-e-type=\"container\" data-settings=\"{&quot;background_background&quot;:&quot;classic&quot;}\">\n\t\t\t\t<div class=\"elementor-element elementor-element-0c2bca7 elementor-widget elementor-widget-heading\" data-id=\"0c2bca7\" data-element_type=\"widget\" data-e-type=\"widget\" data-widget_type=\"heading.default\">\n\t\t\t\t<div class=\"elementor-widget-container\">\n\t\t\t\t\t<h2 class=\"elementor-heading-title elementor-size-default\">VI ER EMCON<\/h2>\t\t\t\t<\/div>\n\t\t\t\t<\/div>\n\t\t\t\t<\/div>\n\t\t<div class=\"has_eae_slider has_ae_slider elementor-element elementor-element-4e24dcf e-flex e-con-boxed ae-bg-gallery-type-default e-con e-parent\" data-eae-slider=\"40320\" data-id=\"4e24dcf\" data-element_type=\"container\" data-e-type=\"container\">\n\t\t\t\t\t<div class=\"e-con-inner\">\n\t\t\t\t<div class=\"elementor-element elementor-element-b9fea95 ae-grid-default overlay-h-pos-center overlay-v-pos-middle elementor-widget elementor-widget-ae-post-blocks-adv\" data-id=\"b9fea95\" data-element_type=\"widget\" data-e-type=\"widget\" data-settings=\"{&quot;grid_columns&quot;:6,&quot;grid_columns_tablet&quot;:&quot;2&quot;,&quot;grid_columns_mobile&quot;:&quot;1&quot;}\" data-widget_type=\"ae-post-blocks-adv.grid\">\n\t\t\t\t<div class=\"elementor-widget-container\">\n\t\t\t\t\t\t\t\t<div class=\"ae-post-overlay\">\n\t\t\t\t<div class=\"ae-post-overlay-wrapper\">\n\t\t\t\t\t<div class=\"ae-post-overlay-icon\">\n\t\t\t\t\t\t<i aria-hidden=\"true\" class=\"fa fa-sync\"><\/i>\t\t\t\t\t<\/div>\n\t\t\t\t\t<div class=\"ae-post-overlay-text\">\n\t\t\t\t\t\tLoading...\t\t\t\t\t<\/div>\n\t\t\t\t<\/div>\n\t\t\t<\/div>\n\t\t\t\t\t\t<div class=\"ae-outer-wrapper ae-height-100\" data-source=\"post\" data-pid=\"10596\" data-wid=\"b9fea95\" data-disable_scroll_on_ajax_load=\"no\" data-pagination_scroll_top_offset=\"0\" >\n\t\t\t\t\t\t\t<\/div> <!-- end .ae-outer-wrapper -->\n\t\t\t\t\t\t\t\t<\/div>\n\t\t\t\t<\/div>\n\t\t\t\t<div class=\"elementor-element elementor-element-0c90c93 elementor-widget elementor-widget-ae-post-title\" data-id=\"0c90c93\" data-element_type=\"widget\" data-e-type=\"widget\" data-widget_type=\"ae-post-title.default\">\n\t\t\t\t<div class=\"elementor-widget-container\">\n\t\t\t\t\t<a  href=\"https:\/\/emcon.dk\/en\/vieremcon\/\"><h1 itemprop=\"name\" class=\"ae-element-post-title\">VI ER EMCON<\/h1><\/a>\t\t\t\t<\/div>\n\t\t\t\t<\/div>\n\t\t\t\t\t<\/div>\n\t\t\t\t<\/div>\n\t\t<div class=\"has_eae_slider has_ae_slider elementor-element elementor-element-85126e1 e-con-full e-flex ae-bg-gallery-type-default e-con e-parent\" data-eae-slider=\"22070\" data-id=\"85126e1\" data-element_type=\"container\" data-e-type=\"container\">\n\t\t\t\t<div class=\"elementor-element elementor-element-bdabdc4 elementor-widget elementor-widget-button\" data-id=\"bdabdc4\" data-element_type=\"widget\" data-e-type=\"widget\" data-widget_type=\"button.default\">\n\t\t\t\t<div class=\"elementor-widget-container\">\n\t\t\t\t\t\t\t\t\t<div class=\"elementor-button-wrapper\">\n\t\t\t\t\t<a class=\"elementor-button elementor-button-link elementor-size-sm\" href=\"https:\/\/emcon.dk\/projektoversigt\/\">\n\t\t\t\t\t\t<span class=\"elementor-button-content-wrapper\">\n\t\t\t\t\t\t\t\t\t<span class=\"elementor-button-text\">SE ET UDVALG AF VORES PROJEKTER<\/span>\n\t\t\t\t\t<\/span>\n\t\t\t\t\t<\/a>\n\t\t\t\t<\/div>\n\t\t\t\t\t\t\t\t<\/div>\n\t\t\t\t<\/div>\n\t\t\t\t<\/div>\n\t\t\t\t<\/div>\n\t\t","protected":false},"excerpt":{"rendered":"<p>VI ER EMCON Loading&#8230; Anders Lomholt L\u00e6s mere Anders Lomholt Carsten Helvind L\u00e6s mere Carsten Helvind Cecilie Therese Hansen L\u00e6s mere Cecilie Therese Hansen Charlotte N\u00f8rbak L\u00e6s mere Charlotte N\u00f8rbak Christian Munch-Petersen L\u00e6s mere Christian Munch-Petersen Claus Visti Hansen L\u00e6s mere Claus Visti Hansen Flemming N\u00f8hr Christensen L\u00e6s mere Flemming N\u00f8hr Christensen Gert M. Thors\u00f8e [&hellip;]<\/p>\n","protected":false},"author":33,"featured_media":0,"parent":0,"menu_order":0,"comment_status":"closed","ping_status":"closed","template":"elementor_header_footer","meta":{"_acf_changed":false,"footnotes":""},"class_list":["post-10596","page","type-page","status-publish","hentry"],"acf":[],"_links":{"self":[{"href":"https:\/\/emcon.dk\/en\/wp-json\/wp\/v2\/pages\/10596","targetHints":{"allow":["GET"]}}],"collection":[{"href":"https:\/\/emcon.dk\/en\/wp-json\/wp\/v2\/pages"}],"about":[{"href":"https:\/\/emcon.dk\/en\/wp-json\/wp\/v2\/types\/page"}],"author":[{"embeddable":true,"href":"https:\/\/emcon.dk\/en\/wp-json\/wp\/v2\/users\/33"}],"replies":[{"embeddable":true,"href":"https:\/\/emcon.dk\/en\/wp-json\/wp\/v2\/comments?post=10596"}],"version-history":[{"count":199,"href":"https:\/\/emcon.dk\/en\/wp-json\/wp\/v2\/pages\/10596\/revisions"}],"predecessor-version":[{"id":13600,"href":"https:\/\/emcon.dk\/en\/wp-json\/wp\/v2\/pages\/10596\/revisions\/13600"}],"wp:attachment":[{"href":"https:\/\/emcon.dk\/en\/wp-json\/wp\/v2\/media?parent=10596"}],"curies":[{"name":"wp","href":"https:\/\/api.w.org\/{rel}","templated":true}]}}