{"id":13259,"date":"2025-04-22T12:44:48","date_gmt":"2025-04-22T10:44:48","guid":{"rendered":"https:\/\/emcon.dk\/?page_id=13259"},"modified":"2026-02-05T10:31:54","modified_gmt":"2026-02-05T09:31:54","slug":"forside","status":"publish","type":"page","link":"https:\/\/emcon.dk\/en\/","title":{"rendered":"Homepage"},"content":{"rendered":"\t\t<div data-elementor-type=\"wp-page\" data-elementor-id=\"13259\" class=\"elementor elementor-13259\" data-elementor-post-type=\"page\">\n\t\t\t\t<div class=\"has_eae_slider has_ae_slider elementor-element elementor-element-3d9b94e e-con-full e-flex ae-bg-gallery-type-default e-con e-parent\" data-eae-slider=\"15150\" data-id=\"3d9b94e\" data-element_type=\"container\" data-e-type=\"container\" data-settings=\"{&quot;background_background&quot;:&quot;slideshow&quot;,&quot;background_slideshow_gallery&quot;:[],&quot;background_slideshow_loop&quot;:&quot;yes&quot;,&quot;background_slideshow_slide_duration&quot;:5000,&quot;background_slideshow_slide_transition&quot;:&quot;fade&quot;,&quot;background_slideshow_transition_duration&quot;:500,&quot;background_motion_fx_devices&quot;:[&quot;desktop&quot;,&quot;tablet&quot;,&quot;mobile&quot;]}\">\n\t\t\t\t<div class=\"elementor-element elementor-element-c7d59b6 elementor--h-position-center elementor--v-position-middle elementor-widget elementor-widget-slides\" data-id=\"c7d59b6\" data-element_type=\"widget\" data-e-type=\"widget\" data-settings=\"{&quot;navigation&quot;:&quot;none&quot;,&quot;transition_speed&quot;:814,&quot;transition&quot;:&quot;fade&quot;,&quot;autoplay&quot;:&quot;yes&quot;,&quot;pause_on_interaction&quot;:&quot;yes&quot;,&quot;autoplay_speed&quot;:5000,&quot;infinite&quot;:&quot;yes&quot;}\" data-widget_type=\"slides.default\">\n\t\t\t\t<div class=\"elementor-widget-container\">\n\t\t\t\t\t\t\t\t\t<div class=\"elementor-swiper\">\n\t\t\t\t\t<div class=\"elementor-slides-wrapper elementor-main-swiper swiper\" role=\"region\" aria-roledescription=\"carousel\" aria-label=\"Forside\" dir=\"ltr\" data-animation=\"\">\n\t\t\t\t<div class=\"swiper-wrapper elementor-slides\">\n\t\t\t\t\t\t\t\t\t\t<div class=\"elementor-repeater-item-946094e swiper-slide\" role=\"group\" aria-roledescription=\"slide\"><div class=\"swiper-slide-bg elementor-ken-burns elementor-ken-burns--in\" role=\"img\" aria-label=\"IMG_1348\"><\/div><div class=\"elementor-background-overlay\"><\/div><div class=\"swiper-slide-inner\" ><div class=\"swiper-slide-contents\"><h1 class=\"elementor-slide-heading\">BYGHERRE<br>R\u00c5DGIVNING<\/h1><h2 class=\"elementor-slide-description\">Helhedsorienteret r\u00e5dgivning <br>med relationen i fokus<\/h2><a href=\"https:\/\/emcon.dk\/vieremcon\/\" class=\"elementor-button elementor-slide-button elementor-size-sm\">M\u00f8d os<\/a><\/div><\/div><\/div><div class=\"elementor-repeater-item-f57a265 swiper-slide\" role=\"group\" aria-roledescription=\"slide\"><div class=\"swiper-slide-bg elementor-ken-burns elementor-ken-burns--out\" role=\"img\" aria-label=\"u9671611218_httpss.mj.runO_zHvBHwYHs_This_is_a_project_build__0c2b55ac-258d-4e17-9569-e4a642b8c3dc_0\"><\/div><div class=\"elementor-background-overlay\"><\/div><div class=\"swiper-slide-inner\" ><div class=\"swiper-slide-contents\"><h1 class=\"elementor-slide-heading\">BYGHERRE<br>R\u00c5DGIVNING<\/h1><h2 class=\"elementor-slide-description\">Helhedsorienteret r\u00e5dgivning <br>med relationen i fokus<\/h2><a href=\"https:\/\/emcon.dk\/vieremcon\/\" class=\"elementor-button elementor-slide-button elementor-size-sm\">M\u00f8d os<\/a><\/div><\/div><\/div><div class=\"elementor-repeater-item-fa49a30 swiper-slide\" role=\"group\" aria-roledescription=\"slide\"><div class=\"swiper-slide-bg elementor-ken-burns elementor-ken-burns--in\" role=\"img\" aria-label=\"toradiator\"><\/div><div class=\"elementor-background-overlay\"><\/div><div class=\"swiper-slide-inner\" ><div class=\"swiper-slide-contents\"><h1 class=\"elementor-slide-heading\">BYGHERRE<br>R\u00c5DGIVNING<\/h1><h2 class=\"elementor-slide-description\">Helhedsorienteret r\u00e5dgivning <br>med relationen i fokus<\/h2><a href=\"https:\/\/emcon.dk\/vieremcon\/\" class=\"elementor-button elementor-slide-button elementor-size-sm\">M\u00f8d os<\/a><\/div><\/div><\/div><div class=\"elementor-repeater-item-26c48de swiper-slide\" role=\"group\" aria-roledescription=\"slide\"><div class=\"swiper-slide-bg elementor-ken-burns elementor-ken-burns--out\" role=\"img\" aria-label=\"EMCON_WALL_2017_2517\"><\/div><div class=\"elementor-background-overlay\"><\/div><div class=\"swiper-slide-inner\" ><div class=\"swiper-slide-contents\"><h1 class=\"elementor-slide-heading\">BYGHERRE<br>R\u00c5DGIVNING<\/h1><h2 class=\"elementor-slide-description\">Helhedsorienteret r\u00e5dgivning <br>med relationen i fokus<\/h2><a href=\"https:\/\/emcon.dk\/vieremcon\/\" class=\"elementor-button elementor-slide-button elementor-size-sm\">M\u00f8d os<\/a><\/div><\/div><\/div><div class=\"elementor-repeater-item-a34dc62 swiper-slide\" role=\"group\" aria-roledescription=\"slide\"><div class=\"swiper-slide-bg\" role=\"img\" aria-label=\"kickass\"><\/div><div class=\"elementor-background-overlay\"><\/div><div class=\"swiper-slide-inner\" ><div class=\"swiper-slide-contents\"><h1 class=\"elementor-slide-heading\">BYGHERRE<br>R\u00c5DGIVNING<\/h1><h2 class=\"elementor-slide-description\">Helhedsorienteret r\u00e5dgivning <br>med relationen i fokus<\/h2><a href=\"https:\/\/emcon.dk\/vieremcon\/\" class=\"elementor-button elementor-slide-button elementor-size-sm\">M\u00f8d os<\/a><\/div><\/div><\/div>\t\t\t\t<\/div>\n\t\t\t\t\t\t\t\t\t\t\t\t\t\t\t\t\t\t\t\t\t<\/div>\n\t\t\t\t<\/div>\n\t\t\t\t\t\t\t\t<\/div>\n\t\t\t\t<\/div>\n\t\t\t\t<div class=\"elementor-element elementor-element-2512a99 animated-slow elementor-view-default elementor-invisible elementor-widget elementor-widget-icon\" data-id=\"2512a99\" data-element_type=\"widget\" data-e-type=\"widget\" data-settings=\"{&quot;_animation&quot;:&quot;rollIn&quot;}\" data-widget_type=\"icon.default\">\n\t\t\t\t<div class=\"elementor-widget-container\">\n\t\t\t\t\t\t\t<div class=\"elementor-icon-wrapper\">\n\t\t\t<div class=\"elementor-icon\">\n\t\t\t<i aria-hidden=\"true\" class=\"fas fa-arrow-down\"><\/i>\t\t\t<\/div>\n\t\t<\/div>\n\t\t\t\t\t\t<\/div>\n\t\t\t\t<\/div>\n\t\t\t\t<\/div>\n\t\t<div class=\"has_eae_slider has_ae_slider elementor-element elementor-element-5eb55d1 e-con-full e-flex ae-bg-gallery-type-default e-con e-parent\" data-eae-slider=\"18191\" data-id=\"5eb55d1\" data-element_type=\"container\" data-e-type=\"container\" data-settings=\"{&quot;background_background&quot;:&quot;classic&quot;,&quot;motion_fx_motion_fx_scrolling&quot;:&quot;yes&quot;,&quot;motion_fx_devices&quot;:[&quot;desktop&quot;,&quot;tablet&quot;,&quot;mobile&quot;]}\">\n\t\t\t\t<div class=\"elementor-element elementor-element-7d36038 elementor-widget__width-initial elementor-widget-mobile__width-initial elementor-widget elementor-widget-text-editor\" data-id=\"7d36038\" data-element_type=\"widget\" data-e-type=\"widget\" data-widget_type=\"text-editor.default\">\n\t\t\t\t<div class=\"elementor-widget-container\">\n\t\t\t\t\t\t\t\t\t<p style=\"font-weight: 400;\">Vi bist\u00e5r private og offentlige bygherrer, ejere, lejere og investorer inden for byggeri, infrastruktur og fast ejendom. Vi tilbyder strategisk og praktisk overblik fra projektets id\u00e9 til dets drift.<\/p><p style=\"font-weight: 400;\">Vores ekspertise omfatter r\u00e5dgivning, proces- og projektledelse inden for udvikling, planl\u00e6gning, styring af \u00f8konomi tid, kvalitet og risiko, udbud, kontrahering samt konflikth\u00e5ndtering gennem m\u00e6gling og mediation. Ofte fungerer vi som overs\u00e6ttere og bindeled mellem bygherre og r\u00e5dgivere, entrepren\u00f8rer og leverand\u00f8rer.<\/p>\t\t\t\t\t\t\t\t<\/div>\n\t\t\t\t<\/div>\n\t\t\t\t<div class=\"elementor-element elementor-element-ee85dc0 elementor-blockquote--skin-quotation elementor-blockquote--align-left elementor-widget__width-initial elementor-widget-tablet__width-initial elementor-widget elementor-widget-blockquote\" data-id=\"ee85dc0\" data-element_type=\"widget\" data-e-type=\"widget\" data-settings=\"{&quot;_animation&quot;:&quot;none&quot;,&quot;motion_fx_motion_fx_scrolling&quot;:&quot;yes&quot;,&quot;motion_fx_translateY_effect&quot;:&quot;yes&quot;,&quot;motion_fx_translateY_speed&quot;:{&quot;unit&quot;:&quot;px&quot;,&quot;size&quot;:5,&quot;sizes&quot;:[]},&quot;motion_fx_translateY_affectedRange&quot;:{&quot;unit&quot;:&quot;%&quot;,&quot;size&quot;:&quot;&quot;,&quot;sizes&quot;:{&quot;start&quot;:0,&quot;end&quot;:73}},&quot;motion_fx_devices&quot;:[&quot;desktop&quot;,&quot;tablet&quot;,&quot;mobile&quot;]}\" data-widget_type=\"blockquote.default\">\n\t\t\t\t<div class=\"elementor-widget-container\">\n\t\t\t\t\t\t\t<blockquote class=\"elementor-blockquote\">\n\t\t\t<p class=\"elementor-blockquote__content\">\n\t\t\t\tHVIS VI T\u00d8R LADE RELATIONEN V\u00c6RE ST\u00d8RRE END RESULTATET <br>\n- S\u00c5 KOMMER RESULTATERNE\t\t\t<\/p>\n\t\t\t\t\t<\/blockquote>\n\t\t\t\t\t\t<\/div>\n\t\t\t\t<\/div>\n\t\t\t\t<\/div>\n\t\t<div class=\"has_eae_slider has_ae_slider elementor-element elementor-element-3ec9b9a e-con-full e-flex ae-bg-gallery-type-default e-con e-parent\" data-eae-slider=\"20591\" data-id=\"3ec9b9a\" data-element_type=\"container\" data-e-type=\"container\" data-settings=\"{&quot;background_background&quot;:&quot;classic&quot;}\">\n\t\t<div class=\"has_eae_slider has_ae_slider elementor-element elementor-element-e895f56 e-con-full e-flex ae-bg-gallery-type-default e-con e-child\" data-eae-slider=\"6545\" data-id=\"e895f56\" data-element_type=\"container\" data-e-type=\"container\">\n\t\t\t\t<div class=\"elementor-element elementor-element-68dd124 elementor-widget elementor-widget-heading\" data-id=\"68dd124\" data-element_type=\"widget\" data-e-type=\"widget\" data-widget_type=\"heading.default\">\n\t\t\t\t<div class=\"elementor-widget-container\">\n\t\t\t\t\t<h2 class=\"elementor-heading-title elementor-size-default\">Vores tilgang til bygherrer\u00e5dgivning<\/h2>\t\t\t\t<\/div>\n\t\t\t\t<\/div>\n\t\t\t\t<div class=\"elementor-element elementor-element-d75a2b8 elementor-widget elementor-widget-text-editor\" data-id=\"d75a2b8\" data-element_type=\"widget\" data-e-type=\"widget\" data-widget_type=\"text-editor.default\">\n\t\t\t\t<div class=\"elementor-widget-container\">\n\t\t\t\t\t\t\t\t\t<p>Vi d\u00e6kker alle ledelsesm\u00e6ssige vinkler i et projekt \u2013 teknisk, \u00f8konomisk og juridisk. Vi forst\u00e5r vigtigheden af den menneskelige faktor og dynamikken i samarbejdet mellem parterne. Vi navigerer gennem kompleksiteten af relationer, kommunikation og beslutningsprocesser, som er afg\u00f8rende for projektets succes.<\/p>\t\t\t\t\t\t\t\t<\/div>\n\t\t\t\t<\/div>\n\t\t\t\t<\/div>\n\t\t<div class=\"has_eae_slider has_ae_slider elementor-element elementor-element-906af5c e-con-full e-flex ae-bg-gallery-type-default e-con e-child\" data-eae-slider=\"37782\" data-id=\"906af5c\" data-element_type=\"container\" data-e-type=\"container\">\n\t\t<div class=\"has_eae_slider has_ae_slider elementor-element elementor-element-51ec02e e-con-full e-flex ae-bg-gallery-type-default e-con e-child\" data-eae-slider=\"72104\" data-id=\"51ec02e\" data-element_type=\"container\" data-e-type=\"container\">\n\t\t\t\t<div class=\"elementor-element elementor-element-f8dd5bd elementor-widget elementor-widget-heading\" data-id=\"f8dd5bd\" data-element_type=\"widget\" data-e-type=\"widget\" data-widget_type=\"heading.default\">\n\t\t\t\t<div class=\"elementor-widget-container\">\n\t\t\t\t\t<h2 class=\"elementor-heading-title elementor-size-default\">Fokus p\u00e5 samarbejde<\/h2>\t\t\t\t<\/div>\n\t\t\t\t<\/div>\n\t\t\t\t<div class=\"elementor-element elementor-element-34018f5 elementor-widget elementor-widget-text-editor\" data-id=\"34018f5\" data-element_type=\"widget\" data-e-type=\"widget\" data-widget_type=\"text-editor.default\">\n\t\t\t\t<div class=\"elementor-widget-container\">\n\t\t\t\t\t\t\t\t\t<p>Vi l\u00e6gger v\u00e6gt p\u00e5 samarbejde og st\u00e6rke relationer. Dialog baseret p\u00e5 praktisk erfaring skaber succesfulde resultater. Vi tror p\u00e5, at det kollektive er st\u00e6rkere end summen af individer og str\u00e6ber efter at forbedre menneskers levevilk\u00e5r og livsgl\u00e6de gennem vores arbejde.<\/p>\t\t\t\t\t\t\t\t<\/div>\n\t\t\t\t<\/div>\n\t\t\t\t<\/div>\n\t\t\t\t<\/div>\n\t\t\t\t<\/div>\n\t\t<div class=\"has_eae_slider has_ae_slider elementor-element elementor-element-7a264d9c e-con-full e-flex ae-bg-gallery-type-default e-con e-parent\" data-eae-slider=\"79134\" data-id=\"7a264d9c\" data-element_type=\"container\" data-e-type=\"container\" data-settings=\"{&quot;background_background&quot;:&quot;classic&quot;}\">\n\t\t\t\t<div class=\"elementor-element elementor-element-6d873299 elementor-widget elementor-widget-heading\" data-id=\"6d873299\" data-element_type=\"widget\" data-e-type=\"widget\" data-widget_type=\"heading.default\">\n\t\t\t\t<div class=\"elementor-widget-container\">\n\t\t\t\t\t<h2 class=\"elementor-heading-title elementor-size-default\">Mere end bare r\u00e5dgivning<\/h2>\t\t\t\t<\/div>\n\t\t\t\t<\/div>\n\t\t\t\t<div class=\"elementor-element elementor-element-253515fd elementor-widget__width-initial elementor-widget-mobile__width-initial elementor-invisible elementor-widget elementor-widget-heading\" data-id=\"253515fd\" data-element_type=\"widget\" data-e-type=\"widget\" data-settings=\"{&quot;_animation&quot;:&quot;fadeInUp&quot;}\" data-widget_type=\"heading.default\">\n\t\t\t\t<div class=\"elementor-widget-container\">\n\t\t\t\t\t<h3 class=\"elementor-heading-title elementor-size-default\">Vi skaber et trygt rum til...<\/h3>\t\t\t\t<\/div>\n\t\t\t\t<\/div>\n\t\t<div class=\"has_eae_slider has_ae_slider elementor-element elementor-element-486d3c1f e-con-full e-flex ae-bg-gallery-type-default e-con e-child\" data-eae-slider=\"36271\" data-id=\"486d3c1f\" data-element_type=\"container\" data-e-type=\"container\">\n\t\t<div class=\"has_eae_slider has_ae_slider elementor-element elementor-element-7b489ec7 e-con-full e-flex ae-bg-gallery-type-default e-con e-child\" data-eae-slider=\"2787\" data-id=\"7b489ec7\" data-element_type=\"container\" data-e-type=\"container\">\n\t\t\t\t<div class=\"elementor-element elementor-element-2807c30 animated-slow elementor-widget-divider--view-line elementor-invisible elementor-widget elementor-widget-divider\" data-id=\"2807c30\" data-element_type=\"widget\" data-e-type=\"widget\" data-settings=\"{&quot;_animation&quot;:&quot;fadeIn&quot;}\" data-widget_type=\"divider.default\">\n\t\t\t\t<div class=\"elementor-widget-container\">\n\t\t\t\t\t\t\t<div class=\"elementor-divider\">\n\t\t\t<span class=\"elementor-divider-separator\">\n\t\t\t\t\t\t<\/span>\n\t\t<\/div>\n\t\t\t\t\t\t<\/div>\n\t\t\t\t<\/div>\n\t\t\t\t<div class=\"elementor-element elementor-element-7baae36a elementor-widget__width-initial animated-slow elementor-invisible elementor-widget elementor-widget-icon-box\" data-id=\"7baae36a\" data-element_type=\"widget\" data-e-type=\"widget\" data-settings=\"{&quot;_animation&quot;:&quot;fadeInUp&quot;}\" data-widget_type=\"icon-box.default\">\n\t\t\t\t<div class=\"elementor-widget-container\">\n\t\t\t\t\t\t\t<div class=\"elementor-icon-box-wrapper\">\n\n\t\t\t\n\t\t\t\t\t\t<div class=\"elementor-icon-box-content\">\n\n\t\t\t\t\t\t\t\t\t<h4 class=\"elementor-icon-box-title\">\n\t\t\t\t\t\t<span  >\n\t\t\t\t\t\t\tANALYSE &amp; AFTALEFORBEREDELSE\t\t\t\t\t\t<\/span>\n\t\t\t\t\t<\/h4>\n\t\t\t\t\n\t\t\t\t\t\t\t\t\t<p class=\"elementor-icon-box-description\">\n\t\t\t\t\t\tI samarbejde med evt. \u00f8vrige n\u00f8gleakt\u00f8rer planl\u00e6gger vi opgaven fra start til slut. Vi indsamler, analyserer, vurderer og dokumenterer de afg\u00f8rende aspekter af opgaven og etablerer et solidt beslutnings- og aftalegrundlag. Vi sikrer bygherren gode samarbejdspartnere enten via vores gode relationer eller via konkurrenceuds\u00e6ttelse, der er tilpasset det konkrete projekt. Vi har fokus p\u00e5, at vores anbefalinger er afbalancerede i forhold til foruds\u00e6tninger, forventninger og bygherrens risikoprofil.\t\t\t\t\t<\/p>\n\t\t\t\t\n\t\t\t<\/div>\n\t\t\t\n\t\t<\/div>\n\t\t\t\t\t\t<\/div>\n\t\t\t\t<\/div>\n\t\t\t\t<div class=\"elementor-element elementor-element-20ac407 elementor-view-default elementor-widget elementor-widget-icon\" data-id=\"20ac407\" data-element_type=\"widget\" data-e-type=\"widget\" data-widget_type=\"icon.default\">\n\t\t\t\t<div class=\"elementor-widget-container\">\n\t\t\t\t\t\t\t<div class=\"elementor-icon-wrapper\">\n\t\t\t<a class=\"elementor-icon\" href=\"https:\/\/emcon.dk\/radgivning\/#Aftale\">\n\t\t\t<i aria-hidden=\"true\" class=\"fas fa-angle-double-right\"><\/i>\t\t\t<\/a>\n\t\t<\/div>\n\t\t\t\t\t\t<\/div>\n\t\t\t\t<\/div>\n\t\t\t\t<\/div>\n\t\t<div class=\"has_eae_slider has_ae_slider elementor-element elementor-element-191f4213 e-con-full e-flex ae-bg-gallery-type-default e-con e-child\" data-eae-slider=\"50635\" data-id=\"191f4213\" data-element_type=\"container\" data-e-type=\"container\">\n\t\t\t\t<div class=\"elementor-element elementor-element-6a01ec6b animated-slow elementor-widget-divider--view-line elementor-invisible elementor-widget elementor-widget-divider\" data-id=\"6a01ec6b\" data-element_type=\"widget\" data-e-type=\"widget\" data-settings=\"{&quot;_animation&quot;:&quot;fadeIn&quot;}\" data-widget_type=\"divider.default\">\n\t\t\t\t<div class=\"elementor-widget-container\">\n\t\t\t\t\t\t\t<div class=\"elementor-divider\">\n\t\t\t<span class=\"elementor-divider-separator\">\n\t\t\t\t\t\t<\/span>\n\t\t<\/div>\n\t\t\t\t\t\t<\/div>\n\t\t\t\t<\/div>\n\t\t\t\t<div class=\"elementor-element elementor-element-3a5575b3 elementor-widget__width-initial animated-slow elementor-invisible elementor-widget elementor-widget-icon-box\" data-id=\"3a5575b3\" data-element_type=\"widget\" data-e-type=\"widget\" data-settings=\"{&quot;_animation&quot;:&quot;fadeInUp&quot;,&quot;_animation_delay&quot;:&quot;200&quot;}\" data-widget_type=\"icon-box.default\">\n\t\t\t\t<div class=\"elementor-widget-container\">\n\t\t\t\t\t\t\t<div class=\"elementor-icon-box-wrapper\">\n\n\t\t\t\n\t\t\t\t\t\t<div class=\"elementor-icon-box-content\">\n\n\t\t\t\t\t\t\t\t\t<h4 class=\"elementor-icon-box-title\">\n\t\t\t\t\t\t<span  >\n\t\t\t\t\t\t\tPROCES &amp; PROJEKT\t\t\t\t\t\t<\/span>\n\t\t\t\t\t<\/h4>\n\t\t\t\t\n\t\t\t\t\t\t\t\t\t<p class=\"elementor-icon-box-description\">\n\t\t\t\t\t\tVi leverer proces- og projektledelse med faglighed og personlighed. Vi fokuserer kontinuerligt p\u00e5 fremdrift og p\u00e5 l\u00f8bende vurdering af tid, \u00f8konomi, kvalitet og risiko. Vores r\u00e5dgivning bygger p\u00e5 faglige og personlige erfaringer og tilpasses l\u00f8bende for at skabe maksimal v\u00e6rdi for det konkrete projekt. S\u00e6rligt i disse faser har vi fokus p\u00e5 at etablere gode relationer mellem alle projektdeltagerne i opgaven\t\t\t\t\t<\/p>\n\t\t\t\t\n\t\t\t<\/div>\n\t\t\t\n\t\t<\/div>\n\t\t\t\t\t\t<\/div>\n\t\t\t\t<\/div>\n\t\t\t\t<div class=\"elementor-element elementor-element-5c9c90e elementor-view-default elementor-widget elementor-widget-icon\" data-id=\"5c9c90e\" data-element_type=\"widget\" data-e-type=\"widget\" data-widget_type=\"icon.default\">\n\t\t\t\t<div class=\"elementor-widget-container\">\n\t\t\t\t\t\t\t<div class=\"elementor-icon-wrapper\">\n\t\t\t<a class=\"elementor-icon\" href=\"https:\/\/emcon.dk\/radgivning\/#proces\">\n\t\t\t<i aria-hidden=\"true\" class=\"fas fa-angle-double-right\"><\/i>\t\t\t<\/a>\n\t\t<\/div>\n\t\t\t\t\t\t<\/div>\n\t\t\t\t<\/div>\n\t\t\t\t<\/div>\n\t\t<div class=\"has_eae_slider has_ae_slider elementor-element elementor-element-10e85dd3 e-con-full e-flex ae-bg-gallery-type-default e-con e-child\" data-eae-slider=\"27133\" data-id=\"10e85dd3\" data-element_type=\"container\" data-e-type=\"container\">\n\t\t\t\t<div class=\"elementor-element elementor-element-7584dbc1 animated-slow elementor-widget-divider--view-line elementor-invisible elementor-widget elementor-widget-divider\" data-id=\"7584dbc1\" data-element_type=\"widget\" data-e-type=\"widget\" data-settings=\"{&quot;_animation&quot;:&quot;fadeIn&quot;}\" data-widget_type=\"divider.default\">\n\t\t\t\t<div class=\"elementor-widget-container\">\n\t\t\t\t\t\t\t<div class=\"elementor-divider\">\n\t\t\t<span class=\"elementor-divider-separator\">\n\t\t\t\t\t\t<\/span>\n\t\t<\/div>\n\t\t\t\t\t\t<\/div>\n\t\t\t\t<\/div>\n\t\t\t\t<div class=\"elementor-element elementor-element-1595f672 elementor-widget__width-initial animated-slow elementor-invisible elementor-widget elementor-widget-icon-box\" data-id=\"1595f672\" data-element_type=\"widget\" data-e-type=\"widget\" data-settings=\"{&quot;_animation&quot;:&quot;fadeInUp&quot;,&quot;_animation_delay&quot;:&quot;400&quot;}\" data-widget_type=\"icon-box.default\">\n\t\t\t\t<div class=\"elementor-widget-container\">\n\t\t\t\t\t\t\t<div class=\"elementor-icon-box-wrapper\">\n\n\t\t\t\n\t\t\t\t\t\t<div class=\"elementor-icon-box-content\">\n\n\t\t\t\t\t\t\t\t\t<h4 class=\"elementor-icon-box-title\">\n\t\t\t\t\t\t<span  >\n\t\t\t\t\t\t\tKONFLIKT &amp; M\u00c6GLING\t\t\t\t\t\t<\/span>\n\t\t\t\t\t<\/h4>\n\t\t\t\t\n\t\t\t\t\t\t\t\t\t<p class=\"elementor-icon-box-description\">\n\t\t\t\t\t\tVores m\u00e5l er at skabe et behageligt samarbejdsklima, hvor alle parter f\u00f8ler sig h\u00f8rt og respekteret ogs\u00e5 n\u00e5r parterne er uenige. Vi tilg\u00e5r alle opgaver med et dyds-etisk fokus p\u00e5 situationen og p\u00e5 relationernes betydning for det gode samarbejde. Vi arbejder med en positiv tilgang til konflikter og accepterer at konflikter er en naturlig del af vores projekter. Vi har ekspertkompetencer indenfor m\u00e6gling og mediation, hvis konflikten allerede er opst\u00e5et.\t\t\t\t\t<\/p>\n\t\t\t\t\n\t\t\t<\/div>\n\t\t\t\n\t\t<\/div>\n\t\t\t\t\t\t<\/div>\n\t\t\t\t<\/div>\n\t\t\t\t<div class=\"elementor-element elementor-element-82713ec elementor-view-default elementor-widget elementor-widget-icon\" data-id=\"82713ec\" data-element_type=\"widget\" data-e-type=\"widget\" data-widget_type=\"icon.default\">\n\t\t\t\t<div class=\"elementor-widget-container\">\n\t\t\t\t\t\t\t<div class=\"elementor-icon-wrapper\">\n\t\t\t<a class=\"elementor-icon\" href=\"https:\/\/emcon.dk\/radgivning\/#konflikt\">\n\t\t\t<i aria-hidden=\"true\" class=\"fas fa-angle-double-right\"><\/i>\t\t\t<\/a>\n\t\t<\/div>\n\t\t\t\t\t\t<\/div>\n\t\t\t\t<\/div>\n\t\t\t\t<\/div>\n\t\t\t\t<\/div>\n\t\t<div class=\"has_eae_slider has_ae_slider elementor-element elementor-element-22e8127 e-con-full e-flex ae-bg-gallery-type-default e-con e-child\" data-eae-slider=\"87682\" data-id=\"22e8127\" data-element_type=\"container\" data-e-type=\"container\">\n\t\t\t\t<div class=\"elementor-element elementor-element-2223c02 elementor-widget elementor-widget-heading\" data-id=\"2223c02\" data-element_type=\"widget\" data-e-type=\"widget\" data-widget_type=\"heading.default\">\n\t\t\t\t<div class=\"elementor-widget-container\">\n\t\t\t\t\t<h2 class=\"elementor-heading-title elementor-size-default\"><a href=\"https:\/\/emcon.dk\/projektoversigt\/\">SE ET UDVALG AF VORES  PROJEKTER<\/a><\/h2>\t\t\t\t<\/div>\n\t\t\t\t<\/div>\n\t\t\t\t<div class=\"elementor-element elementor-element-2b675eb carousel1 elementor-widget__width-initial elementor-pagination-type-bullets elementor-arrows-position-inside elementor-pagination-position-outside elementor-widget elementor-widget-loop-carousel\" data-id=\"2b675eb\" data-element_type=\"widget\" data-e-type=\"widget\" data-settings=\"{&quot;template_id&quot;:&quot;3948&quot;,&quot;autoplay_speed&quot;:6000,&quot;speed&quot;:601,&quot;_skin&quot;:&quot;post&quot;,&quot;slides_to_show&quot;:&quot;3&quot;,&quot;slides_to_show_tablet&quot;:&quot;2&quot;,&quot;slides_to_show_mobile&quot;:&quot;1&quot;,&quot;slides_to_scroll&quot;:&quot;1&quot;,&quot;edit_handle_selector&quot;:&quot;.elementor-loop-container&quot;,&quot;autoplay&quot;:&quot;yes&quot;,&quot;pause_on_hover&quot;:&quot;yes&quot;,&quot;pause_on_interaction&quot;:&quot;yes&quot;,&quot;infinite&quot;:&quot;yes&quot;,&quot;offset_sides&quot;:&quot;none&quot;,&quot;arrows&quot;:&quot;yes&quot;,&quot;pagination&quot;:&quot;bullets&quot;,&quot;image_spacing_custom&quot;:{&quot;unit&quot;:&quot;px&quot;,&quot;size&quot;:10,&quot;sizes&quot;:[]},&quot;image_spacing_custom_tablet&quot;:{&quot;unit&quot;:&quot;px&quot;,&quot;size&quot;:&quot;&quot;,&quot;sizes&quot;:[]},&quot;image_spacing_custom_mobile&quot;:{&quot;unit&quot;:&quot;px&quot;,&quot;size&quot;:&quot;&quot;,&quot;sizes&quot;:[]}}\" data-widget_type=\"loop-carousel.post\">\n\t\t\t\t<div class=\"elementor-widget-container\">\n\t\t\t\t\t\t\t<div class=\"e-loop-nothing-found-message\">\n\t\t<\/div>\n\t\t\t\t\t\t<\/div>\n\t\t\t\t<\/div>\n\t\t\t\t<\/div>\n\t\t\t\t<\/div>\n\t\t\t\t<\/div>\n\t\t","protected":false},"excerpt":{"rendered":"<p>BYGHERRER\u00c5DGIVNING Helhedsorienteret r\u00e5dgivning med relationen i fokus M\u00f8d os BYGHERRER\u00c5DGIVNING Helhedsorienteret r\u00e5dgivning med relationen i fokus M\u00f8d os BYGHERRER\u00c5DGIVNING Helhedsorienteret r\u00e5dgivning med relationen i fokus M\u00f8d os BYGHERRER\u00c5DGIVNING Helhedsorienteret r\u00e5dgivning med relationen i fokus M\u00f8d os BYGHERRER\u00c5DGIVNING Helhedsorienteret r\u00e5dgivning med relationen i fokus M\u00f8d os Vi bist\u00e5r private og offentlige bygherrer, ejere, lejere og investorer [&hellip;]<\/p>\n","protected":false},"author":33,"featured_media":4158,"parent":0,"menu_order":0,"comment_status":"closed","ping_status":"closed","template":"elementor_header_footer","meta":{"_acf_changed":false,"footnotes":""},"class_list":["post-13259","page","type-page","status-publish","has-post-thumbnail","hentry"],"acf":[],"_links":{"self":[{"href":"https:\/\/emcon.dk\/en\/wp-json\/wp\/v2\/pages\/13259","targetHints":{"allow":["GET"]}}],"collection":[{"href":"https:\/\/emcon.dk\/en\/wp-json\/wp\/v2\/pages"}],"about":[{"href":"https:\/\/emcon.dk\/en\/wp-json\/wp\/v2\/types\/page"}],"author":[{"embeddable":true,"href":"https:\/\/emcon.dk\/en\/wp-json\/wp\/v2\/users\/33"}],"replies":[{"embeddable":true,"href":"https:\/\/emcon.dk\/en\/wp-json\/wp\/v2\/comments?post=13259"}],"version-history":[{"count":82,"href":"https:\/\/emcon.dk\/en\/wp-json\/wp\/v2\/pages\/13259\/revisions"}],"predecessor-version":[{"id":13606,"href":"https:\/\/emcon.dk\/en\/wp-json\/wp\/v2\/pages\/13259\/revisions\/13606"}],"wp:featuredmedia":[{"embeddable":true,"href":"https:\/\/emcon.dk\/en\/wp-json\/wp\/v2\/media\/4158"}],"wp:attachment":[{"href":"https:\/\/emcon.dk\/en\/wp-json\/wp\/v2\/media?parent=13259"}],"curies":[{"name":"wp","href":"https:\/\/api.w.org\/{rel}","templated":true}]}}