{"id":4767,"date":"2023-09-13T09:21:05","date_gmt":"2023-09-13T07:21:05","guid":{"rendered":"http:\/\/dev.emcon.dk.178-72-16-54.nmserv04.dk\/?page_id=4767"},"modified":"2025-08-25T09:21:29","modified_gmt":"2025-08-25T07:21:29","slug":"projektoversigt-2","status":"publish","type":"page","link":"https:\/\/emcon.dk\/en\/projektoversigt-2\/","title":{"rendered":"UDVALGTE REFERENCER"},"content":{"rendered":"\t\t<div data-elementor-type=\"wp-page\" data-elementor-id=\"4767\" class=\"elementor elementor-4767\" data-elementor-post-type=\"page\">\n\t\t\t\t<div class=\"has_eae_slider has_ae_slider elementor-element elementor-element-23596bd e-con-full e-flex ae-bg-gallery-type-default e-con e-parent\" data-eae-slider=\"58\" data-id=\"23596bd\" data-element_type=\"container\" data-e-type=\"container\" data-settings=\"{&quot;background_background&quot;:&quot;classic&quot;}\">\n\t\t\t\t<div class=\"elementor-element elementor-element-256043e elementor-widget elementor-widget-heading\" data-id=\"256043e\" data-element_type=\"widget\" data-e-type=\"widget\" data-widget_type=\"heading.default\">\n\t\t\t\t<div class=\"elementor-widget-container\">\n\t\t\t\t\t<h2 class=\"elementor-heading-title elementor-size-default\">UDVALGTE REFERENCER<\/h2>\t\t\t\t<\/div>\n\t\t\t\t<\/div>\n\t\t\t\t<\/div>\n\t\t<div class=\"has_eae_slider has_ae_slider elementor-element elementor-element-112a107 e-con-full e-flex ae-bg-gallery-type-default e-con e-parent\" data-eae-slider=\"35268\" data-id=\"112a107\" data-element_type=\"container\" data-e-type=\"container\">\n\t\t\t\t<div class=\"elementor-element elementor-element-c9c3998 elementor-widget elementor-widget-text-editor\" data-id=\"c9c3998\" data-element_type=\"widget\" data-e-type=\"widget\" data-widget_type=\"text-editor.default\">\n\t\t\t\t<div class=\"elementor-widget-container\">\n\t\t\t\t\t\t\t\t\t<p style=\"font-weight: 400;\">Vores bistand og r\u00e5dgivning sp\u00e6nder over en meget stor diversitet i omfang og indhold indenfor infrastruktur, byggeri og fast ejendom. Uanset projektets karakter er f\u00e6llesn\u00e6vneren, at de alle bidrager til kunders, samarbejdspartneres og vores konstante udvikling b\u00e5de personligt og fagligt.<\/p>\t\t\t\t\t\t\t\t<\/div>\n\t\t\t\t<\/div>\n\t\t\t\t<\/div>\n\t\t<div class=\"has_eae_slider has_ae_slider elementor-element elementor-element-ebf8ec9 e-flex e-con-boxed ae-bg-gallery-type-default e-con e-parent\" data-eae-slider=\"94639\" data-id=\"ebf8ec9\" data-element_type=\"container\" data-e-type=\"container\">\n\t\t\t\t\t<div class=\"e-con-inner\">\n\t\t\t\t\t<\/div>\n\t\t\t\t<\/div>\n\t\t<div class=\"has_eae_slider has_ae_slider elementor-element elementor-element-3ded937 e-flex e-con-boxed ae-bg-gallery-type-default e-con e-parent\" data-eae-slider=\"18363\" data-id=\"3ded937\" data-element_type=\"container\" data-e-type=\"container\">\n\t\t\t\t\t<div class=\"e-con-inner\">\n\t\t\t\t<div class=\"elementor-element elementor-element-ef185f0 elementor-widget elementor-widget-taxonomy-filter\" data-id=\"ef185f0\" data-element_type=\"widget\" data-e-type=\"widget\" data-settings=\"{&quot;selected_element&quot;:&quot;93706f6&quot;,&quot;taxonomy&quot;:&quot;category&quot;,&quot;item_alignment_horizontal&quot;:&quot;center&quot;,&quot;horizontal_scroll&quot;:&quot;disable&quot;}\" data-widget_type=\"taxonomy-filter.default\">\n\t\t\t\t<div class=\"elementor-widget-container\">\n\t\t\t\t\t\t\t<search class=\"e-filter\" role=\"search\" data-base-url=\"https:\/\/emcon.dk\/en\/\" data-page-num=\"1\">\n\t\t\t\n\t\t\t\t\t\t\t\t\t<button class=\"e-filter-item\" data-filter=\"__all\" aria-pressed=\"true\">\n\t\t\t\tAlle\t\t\t<\/button>\n\t\t\t\t\t<\/search>\n\t\t\t\t\t\t<\/div>\n\t\t\t\t<\/div>\n\t\t\t\t<div class=\"elementor-element elementor-element-93706f6 elementor-grid-3 elementor-grid-tablet-2 elementor-grid-mobile-1 elementor-widget elementor-widget-loop-grid\" data-id=\"93706f6\" data-element_type=\"widget\" data-e-type=\"widget\" data-settings=\"{&quot;template_id&quot;:&quot;11429&quot;,&quot;columns&quot;:3,&quot;pagination_type&quot;:&quot;load_more_infinite_scroll&quot;,&quot;row_gap&quot;:{&quot;unit&quot;:&quot;px&quot;,&quot;size&quot;:27,&quot;sizes&quot;:[]},&quot;_skin&quot;:&quot;post&quot;,&quot;columns_tablet&quot;:&quot;2&quot;,&quot;columns_mobile&quot;:&quot;1&quot;,&quot;edit_handle_selector&quot;:&quot;[data-elementor-type=\\&quot;loop-item\\&quot;]&quot;,&quot;load_more_spinner&quot;:{&quot;value&quot;:&quot;fas fa-spinner&quot;,&quot;library&quot;:&quot;fa-solid&quot;},&quot;row_gap_tablet&quot;:{&quot;unit&quot;:&quot;px&quot;,&quot;size&quot;:&quot;&quot;,&quot;sizes&quot;:[]},&quot;row_gap_mobile&quot;:{&quot;unit&quot;:&quot;px&quot;,&quot;size&quot;:&quot;&quot;,&quot;sizes&quot;:[]}}\" data-widget_type=\"loop-grid.post\">\n\t\t\t\t<div class=\"elementor-widget-container\">\n\t\t\t\t\t\t\t<div class=\"e-loop-nothing-found-message\">\n\t\t<\/div>\n\t\t\t\t\t\t<\/div>\n\t\t\t\t<\/div>\n\t\t\t\t\t<\/div>\n\t\t\t\t<\/div>\n\t\t<div class=\"has_eae_slider has_ae_slider elementor-element elementor-element-626ab22 e-con-full e-flex ae-bg-gallery-type-default e-con e-parent\" data-eae-slider=\"59383\" data-id=\"626ab22\" data-element_type=\"container\" data-e-type=\"container\">\n\t\t\t\t<div class=\"elementor-element elementor-element-7b265dc elementor-align-center elementor-widget elementor-widget-button\" data-id=\"7b265dc\" data-element_type=\"widget\" data-e-type=\"widget\" data-widget_type=\"button.default\">\n\t\t\t\t<div class=\"elementor-widget-container\">\n\t\t\t\t\t\t\t\t\t<div class=\"elementor-button-wrapper\">\n\t\t\t\t\t<a class=\"elementor-button elementor-button-link elementor-size-sm\" href=\"https:\/\/emcon.dk\/vieremcon\/\">\n\t\t\t\t\t\t<span class=\"elementor-button-content-wrapper\">\n\t\t\t\t\t\t\t\t\t<span class=\"elementor-button-text\">M\u00d8D MENNESKERNE BAG PROJEKTERNE<\/span>\n\t\t\t\t\t<\/span>\n\t\t\t\t\t<\/a>\n\t\t\t\t<\/div>\n\t\t\t\t\t\t\t\t<\/div>\n\t\t\t\t<\/div>\n\t\t\t\t<\/div>\n\t\t\t\t<\/div>\n\t\t","protected":false},"excerpt":{"rendered":"<p>UDVALGTE REFERENCER Vores bistand og r\u00e5dgivning sp\u00e6nder over en meget stor diversitet i omfang og indhold indenfor infrastruktur, byggeri og fast ejendom. Uanset projektets karakter er f\u00e6llesn\u00e6vneren, at de alle bidrager til kunders, samarbejdspartneres og vores konstante udvikling b\u00e5de personligt og fagligt. Bolig Diverse Erhverv Fast Ejendom Infrastruktur Alle M\u00d8D MENNESKERNE BAG PROJEKTERNE<\/p>\n","protected":false},"author":33,"featured_media":0,"parent":0,"menu_order":0,"comment_status":"closed","ping_status":"closed","template":"","meta":{"_acf_changed":false,"footnotes":""},"class_list":["post-4767","page","type-page","status-publish","hentry"],"acf":[],"_links":{"self":[{"href":"https:\/\/emcon.dk\/en\/wp-json\/wp\/v2\/pages\/4767","targetHints":{"allow":["GET"]}}],"collection":[{"href":"https:\/\/emcon.dk\/en\/wp-json\/wp\/v2\/pages"}],"about":[{"href":"https:\/\/emcon.dk\/en\/wp-json\/wp\/v2\/types\/page"}],"author":[{"embeddable":true,"href":"https:\/\/emcon.dk\/en\/wp-json\/wp\/v2\/users\/33"}],"replies":[{"embeddable":true,"href":"https:\/\/emcon.dk\/en\/wp-json\/wp\/v2\/comments?post=4767"}],"version-history":[{"count":432,"href":"https:\/\/emcon.dk\/en\/wp-json\/wp\/v2\/pages\/4767\/revisions"}],"predecessor-version":[{"id":13385,"href":"https:\/\/emcon.dk\/en\/wp-json\/wp\/v2\/pages\/4767\/revisions\/13385"}],"wp:attachment":[{"href":"https:\/\/emcon.dk\/en\/wp-json\/wp\/v2\/media?parent=4767"}],"curies":[{"name":"wp","href":"https:\/\/api.w.org\/{rel}","templated":true}]}}