{"id":5668,"date":"2023-11-22T10:25:28","date_gmt":"2023-11-22T09:25:28","guid":{"rendered":"https:\/\/emcon.dk.185-31-79-130.nmsrv02.dk\/?page_id=5668"},"modified":"2026-02-24T14:27:00","modified_gmt":"2026-02-24T13:27:00","slug":"procesogprojekt","status":"publish","type":"page","link":"https:\/\/emcon.dk\/en\/procesogprojekt\/","title":{"rendered":"PROCES &#038; PROJEKT"},"content":{"rendered":"\t\t<div data-elementor-type=\"wp-page\" data-elementor-id=\"5668\" class=\"elementor elementor-5668\" data-elementor-post-type=\"page\">\n\t\t\t\t<div class=\"has_eae_slider has_ae_slider elementor-element elementor-element-353b2b4d e-con-full e-flex ae-bg-gallery-type-default e-con e-parent\" data-eae-slider=\"31043\" data-id=\"353b2b4d\" data-element_type=\"container\" data-e-type=\"container\" data-settings=\"{&quot;background_background&quot;:&quot;classic&quot;}\">\n\t\t\t\t<div class=\"elementor-element elementor-element-7f74595c elementor-widget elementor-widget-heading\" data-id=\"7f74595c\" data-element_type=\"widget\" data-e-type=\"widget\" data-widget_type=\"heading.default\">\n\t\t\t\t<div class=\"elementor-widget-container\">\n\t\t\t\t\t<h2 class=\"elementor-heading-title elementor-size-default\">PROCES &amp; PROJEKT<\/h2>\t\t\t\t<\/div>\n\t\t\t\t<\/div>\n\t\t\t\t<\/div>\n\t\t<div class=\"has_eae_slider has_ae_slider elementor-element elementor-element-bc69f90 e-con-full e-flex ae-bg-gallery-type-default e-con e-parent\" data-eae-slider=\"2551\" data-id=\"bc69f90\" data-element_type=\"container\" data-e-type=\"container\">\n\t\t\t\t<div class=\"elementor-element elementor-element-5dd8115 elementor-widget elementor-widget-text-editor\" data-id=\"5dd8115\" data-element_type=\"widget\" data-e-type=\"widget\" data-widget_type=\"text-editor.default\">\n\t\t\t\t<div class=\"elementor-widget-container\">\n\t\t\t\t\t\t\t\t\t<p>Uanset st\u00f8rrelsen p\u00e5 projektet, har man brug for overblik. Det skaber vi i samarbejde bl.a. via en gennemarbejdet projektplan, som kortl\u00e6gger projektets livscyklus, hvilke udfordringer der skal tages h\u00f8jde for, og hvordan de l\u00f8ses bedst muligt. En projektplan er dels et styrende dokument, men ogs\u00e5 afg\u00f8rende ift. at afstemme roller og opgaver, forventninger og f\u00e6lles billede af projektets videre f\u00e6rd.<\/p><p>Vi medvirker til rammes\u00e6tning og skaber en \u00e5ben dialog, hvor vi tager rollen som neutrale og erfarne tillidspersoner, som st\u00f8tter at vi kommer rundt om det hele &#8211; ogs\u00e5 de udfordringer\/dilemmaer som knytter sig til gennemf\u00f8relse af projekter. Det g\u00f8r, at vi kan oms\u00e6tte vores indg\u00e5ede aftaler til konkrete og realistiske resultater.\u00a0<\/p>\t\t\t\t\t\t\t\t<\/div>\n\t\t\t\t<\/div>\n\t\t\t\t<\/div>\n\t\t<div class=\"has_eae_slider has_ae_slider elementor-element elementor-element-ad1f52f e-con-full elementor-hidden-desktop e-flex ae-bg-gallery-type-default e-con e-parent\" data-eae-slider=\"96066\" data-id=\"ad1f52f\" data-element_type=\"container\" data-e-type=\"container\">\n\t\t\t\t<div class=\"elementor-element elementor-element-783a3f1 elementor-blockquote--skin-quotation elementor-widget elementor-widget-blockquote\" data-id=\"783a3f1\" data-element_type=\"widget\" data-e-type=\"widget\" data-widget_type=\"blockquote.default\">\n\t\t\t\t<div class=\"elementor-widget-container\">\n\t\t\t\t\t\t\t<blockquote class=\"elementor-blockquote\">\n\t\t\t<p class=\"elementor-blockquote__content\">\n\t\t\t\tPROJEKTLEDELSE ER EN HOLDdiciplin HVOR  t\u00e6t og tillidsfuld dialog er afg\u00f8rende\t\t\t<\/p>\n\t\t\t\t\t<\/blockquote>\n\t\t\t\t\t\t<\/div>\n\t\t\t\t<\/div>\n\t\t\t\t<\/div>\n\t\t<div class=\"has_eae_slider has_ae_slider elementor-element elementor-element-f544cbe e-con-full e-flex ae-bg-gallery-type-default e-con e-parent\" data-eae-slider=\"82245\" data-id=\"f544cbe\" data-element_type=\"container\" data-e-type=\"container\" data-settings=\"{&quot;background_background&quot;:&quot;classic&quot;}\">\n\t\t<div class=\"has_eae_slider has_ae_slider elementor-element elementor-element-a67cdad e-con-full e-flex ae-bg-gallery-type-default e-con e-child\" data-eae-slider=\"29611\" data-id=\"a67cdad\" data-element_type=\"container\" data-e-type=\"container\">\n\t\t\t\t<div class=\"elementor-element elementor-element-752be38 elementor-widget elementor-widget-text-editor\" data-id=\"752be38\" data-element_type=\"widget\" data-e-type=\"widget\" data-widget_type=\"text-editor.default\">\n\t\t\t\t<div class=\"elementor-widget-container\">\n\t\t\t\t\t\t\t\t\t<p>Det dybt komplekse og det uoverskueligt komplicerede kan g\u00e5 h\u00e5nd i h\u00e5nd med det befriende enkle og harmonisk minimale.<\/p><p>&#8211; Lars Physant, emcon julemotiv 2015<\/p>\t\t\t\t\t\t\t\t<\/div>\n\t\t\t\t<\/div>\n\t\t\t\t<\/div>\n\t\t<div class=\"has_eae_slider has_ae_slider elementor-element elementor-element-f6a2eda e-con-full e-flex ae-bg-gallery-type-default e-con e-child\" data-eae-slider=\"85241\" data-id=\"f6a2eda\" data-element_type=\"container\" data-e-type=\"container\" data-settings=\"{&quot;background_background&quot;:&quot;classic&quot;}\">\n\t\t\t\t<\/div>\n\t\t\t\t<\/div>\n\t\t<div class=\"has_eae_slider has_ae_slider elementor-element elementor-element-33e4fa9 e-con-full e-flex ae-bg-gallery-type-default e-con e-parent\" data-eae-slider=\"4073\" data-id=\"33e4fa9\" data-element_type=\"container\" data-e-type=\"container\">\n\t\t\t\t<div class=\"elementor-element elementor-element-90148bb elementor-widget elementor-widget-heading\" data-id=\"90148bb\" data-element_type=\"widget\" data-e-type=\"widget\" data-widget_type=\"heading.default\">\n\t\t\t\t<div class=\"elementor-widget-container\">\n\t\t\t\t\t<h2 class=\"elementor-heading-title elementor-size-default\">Styring &amp; Ledelse<\/h2>\t\t\t\t<\/div>\n\t\t\t\t<\/div>\n\t\t\t\t<div class=\"elementor-element elementor-element-4cd01c1 elementor-widget elementor-widget-text-editor\" data-id=\"4cd01c1\" data-element_type=\"widget\" data-e-type=\"widget\" data-widget_type=\"text-editor.default\">\n\t\t\t\t<div class=\"elementor-widget-container\">\n\t\t\t\t\t\t\t\t\t<div><p>I opstartsfasen afs\u00e6tter vi tid til sparring og dialog om en projektplan.\u00a0Vi afklarer om der er specifikke fokusomr\u00e5der, der kr\u00e6ver vores s\u00e6rlige bistand, udover den generelle opf\u00f8lgning og dialog om fremdriften. Her tilpasser vi det til projekternes karakter og organisering. Vi vurderer omfanget af sparring p\u00e5 projekter baseret p\u00e5 bl.a projektejernes erfaring, projektet st\u00f8rrelse\/kompleksitet \u00a0s\u00e5 sparringen underst\u00f8tter deres l\u00f8sning af opgaven.<\/p><\/div><div><p>Vi er bindeledet mellem vores opdragsgivere og projektets realisering. Denne relation er pr\u00e6get af professionalisme, tillid og en grundig forst\u00e5else af projektets omfang.\u00a0<\/p><\/div>\t\t\t\t\t\t\t\t<\/div>\n\t\t\t\t<\/div>\n\t\t\t\t<\/div>\n\t\t<div class=\"has_eae_slider has_ae_slider elementor-element elementor-element-81fa651 e-con-full e-flex ae-bg-gallery-type-default e-con e-parent\" data-eae-slider=\"25326\" data-id=\"81fa651\" data-element_type=\"container\" data-e-type=\"container\">\n\t\t<div class=\"has_eae_slider has_ae_slider elementor-element elementor-element-9baa3d5 e-con-full e-flex ae-bg-gallery-type-default e-con e-child\" data-eae-slider=\"92304\" data-id=\"9baa3d5\" data-element_type=\"container\" data-e-type=\"container\">\n\t\t\t\t<div class=\"elementor-element elementor-element-4009867 elementor-widget elementor-widget-text-editor\" data-id=\"4009867\" data-element_type=\"widget\" data-e-type=\"widget\" data-widget_type=\"text-editor.default\">\n\t\t\t\t<div class=\"elementor-widget-container\">\n\t\t\t\t\t\t\t\t\t<div><p><span style=\"font-family: var( --e-global-typography-text-font-family ), Sans-serif; font-size: var( --e-global-typography-text-font-size );\">Tid, \u00f8konomi, kvalitet og risiko er altid vigtige parametre for at sikre projektets succes. Vi integrerer disse faktorer stringent og skaber en velafbalanceret tilgang, der opfylder de h\u00f8jeste standarder.<\/span><\/p><\/div><div><p>\u00a0Vi arbejder for at levere resultater, og for at udvikle og afd\u00e6kke potentialet hos b\u00e5de os selv men ogs\u00e5 vores relationer. Vi fokuserer p\u00e5 projektets betydning, prioriterer professionelle relationer og str\u00e6ber efter at maksimere projektets potentiale.\u00a0<\/p><\/div>\t\t\t\t\t\t\t\t<\/div>\n\t\t\t\t<\/div>\n\t\t\t\t<\/div>\n\t\t\t\t<\/div>\n\t\t\t\t<\/div>\n\t\t","protected":false},"excerpt":{"rendered":"<p>PROCES &amp; PROJEKT Uanset st\u00f8rrelsen p\u00e5 projektet, har man brug for overblik. Det skaber vi i samarbejde bl.a. via en gennemarbejdet projektplan, som kortl\u00e6gger projektets livscyklus, hvilke udfordringer der skal tages h\u00f8jde for, og hvordan de l\u00f8ses bedst muligt. En projektplan er dels et styrende dokument, men ogs\u00e5 afg\u00f8rende ift. at afstemme roller og opgaver, [&hellip;]<\/p>\n","protected":false},"author":33,"featured_media":0,"parent":0,"menu_order":0,"comment_status":"closed","ping_status":"closed","template":"elementor_header_footer","meta":{"_acf_changed":false,"footnotes":""},"class_list":["post-5668","page","type-page","status-publish","hentry"],"acf":[],"_links":{"self":[{"href":"https:\/\/emcon.dk\/en\/wp-json\/wp\/v2\/pages\/5668","targetHints":{"allow":["GET"]}}],"collection":[{"href":"https:\/\/emcon.dk\/en\/wp-json\/wp\/v2\/pages"}],"about":[{"href":"https:\/\/emcon.dk\/en\/wp-json\/wp\/v2\/types\/page"}],"author":[{"embeddable":true,"href":"https:\/\/emcon.dk\/en\/wp-json\/wp\/v2\/users\/33"}],"replies":[{"embeddable":true,"href":"https:\/\/emcon.dk\/en\/wp-json\/wp\/v2\/comments?post=5668"}],"version-history":[{"count":311,"href":"https:\/\/emcon.dk\/en\/wp-json\/wp\/v2\/pages\/5668\/revisions"}],"predecessor-version":[{"id":13588,"href":"https:\/\/emcon.dk\/en\/wp-json\/wp\/v2\/pages\/5668\/revisions\/13588"}],"wp:attachment":[{"href":"https:\/\/emcon.dk\/en\/wp-json\/wp\/v2\/media?parent=5668"}],"curies":[{"name":"wp","href":"https:\/\/api.w.org\/{rel}","templated":true}]}}